{"id":1054,"date":"2025-11-28T14:38:35","date_gmt":"2025-11-28T13:38:35","guid":{"rendered":"https:\/\/oneforturbine.com\/?page_id=1054"},"modified":"2025-12-08T13:59:58","modified_gmt":"2025-12-08T12:59:58","slug":"startseite-home","status":"publish","type":"page","link":"https:\/\/oneforturbine.com\/en\/","title":{"rendered":"Startseite \/ Home"},"content":{"rendered":"<figure>\n<figure><img decoding=\"async\" src=\"https:\/\/oneforturbine.com\/wp-content\/uploads\/2019\/01\/oft_slider_jobs-1920x816-1024x435.jpg\" alt=\"\"\/><\/figure>\n<\/figure>\n<p><strong><mark><em>Man sollte gehen und aufh\u00f6ren, wenn es am sch\u00f6nsten ist.<\/em><\/mark><\/strong><\/p>\n<h2><strong>Die One for Turbine GmbH wird zum Jahresende 2025 die T\u00e4tigkeiten beenden und das Unternehmen schliessen.<\/strong><\/h2>\n<p>Liebe Kunden und Gesch\u00e4ftspartner.<\/p>\n<p>Aufgrund unserer Gesch\u00e4ftsaufgabe m\u00f6chten wir uns hier nocheinmal herzlich bei Ihnen bedanken.<\/p>\n<p>Vielen Dank f\u00fcr das entgegengebrachte Vertrauen, das Lob und die Anerkennung, die wir in all den Jahren erfahren durften.<\/p>\n<p>Vielen Dank f\u00fcr die tolle Unterst\u00fctzung bei der Umsetzung unserer Projekte.<\/p>","protected":false},"excerpt":{"rendered":"<p>Man sollte gehen und aufh\u00f6ren, wenn es am sch\u00f6nsten ist. Die One for Turbine GmbH wird zum Jahresende 2025 die T\u00e4tigkeiten beenden und das Unternehmen schliessen. Liebe Kunden und Gesch\u00e4ftspartner. Aufgrund unserer Gesch\u00e4ftsaufgabe m\u00f6chten wir uns hier nocheinmal herzlich bei Ihnen bedanken. Vielen Dank f\u00fcr das entgegengebrachte Vertrauen, das Lob und die Anerkennung, die wir<span class=\"post-excerpt-end\">&hellip;<\/span><\/p>\n<p class=\"more-link\"><a href=\"https:\/\/oneforturbine.com\/en\/\" class=\"themebutton\">Read More<\/a><\/p>","protected":false},"author":2,"featured_media":0,"parent":0,"menu_order":0,"comment_status":"closed","ping_status":"closed","template":"","meta":{"footnotes":""},"class_list":["post-1054","page","type-page","status-publish","hentry"],"yoast_head":"<!-- This site is optimized with the Yoast SEO plugin v27.4 - https:\/\/yoast.com\/product\/yoast-seo-wordpress\/ -->\n<title>Startseite \/ Home -<\/title>\n<meta name=\"robots\" content=\"index, follow, max-snippet:-1, max-image-preview:large, max-video-preview:-1\" \/>\n<link rel=\"canonical\" href=\"https:\/\/oneforturbine.com\/en\/\" \/>\n<meta property=\"og:locale\" content=\"en_US\" \/>\n<meta property=\"og:type\" content=\"article\" \/>\n<meta property=\"og:title\" content=\"Startseite \/ Home -\" \/>\n<meta property=\"og:description\" content=\"Man sollte gehen und aufh\u00f6ren, wenn es am sch\u00f6nsten ist. Die One for Turbine GmbH wird zum Jahresende 2025 die T\u00e4tigkeiten beenden und das Unternehmen schliessen. Liebe Kunden und Gesch\u00e4ftspartner. Aufgrund unserer Gesch\u00e4ftsaufgabe m\u00f6chten wir uns hier nocheinmal herzlich bei Ihnen bedanken. Vielen Dank f\u00fcr das entgegengebrachte Vertrauen, das Lob und die Anerkennung, die wir&hellip;Read More\" \/>\n<meta property=\"og:url\" content=\"https:\/\/oneforturbine.com\/en\/\" \/>\n<meta property=\"article:modified_time\" content=\"2025-12-08T12:59:58+00:00\" \/>\n<meta property=\"og:image\" content=\"https:\/\/oneforturbine.com\/wp-content\/uploads\/2019\/01\/oft_slider_jobs-1920x816-1024x435.jpg\" \/>\n<meta name=\"twitter:card\" content=\"summary_large_image\" \/>\n<meta name=\"twitter:label1\" content=\"Est. reading time\" \/>\n\t<meta name=\"twitter:data1\" content=\"1 minute\" \/>\n<script type=\"application\/ld+json\" class=\"yoast-schema-graph\">{\"@context\":\"https:\\\/\\\/schema.org\",\"@graph\":[{\"@type\":\"WebPage\",\"@id\":\"https:\\\/\\\/oneforturbine.com\\\/\",\"url\":\"https:\\\/\\\/oneforturbine.com\\\/\",\"name\":\"Startseite \\\/ Home -\",\"isPartOf\":{\"@id\":\"https:\\\/\\\/oneforturbine.com\\\/#website\"},\"primaryImageOfPage\":{\"@id\":\"https:\\\/\\\/oneforturbine.com\\\/#primaryimage\"},\"image\":{\"@id\":\"https:\\\/\\\/oneforturbine.com\\\/#primaryimage\"},\"thumbnailUrl\":\"https:\\\/\\\/oneforturbine.com\\\/wp-content\\\/uploads\\\/2019\\\/01\\\/oft_slider_jobs-1920x816-1024x435.jpg\",\"datePublished\":\"2025-11-28T13:38:35+00:00\",\"dateModified\":\"2025-12-08T12:59:58+00:00\",\"breadcrumb\":{\"@id\":\"https:\\\/\\\/oneforturbine.com\\\/#breadcrumb\"},\"inLanguage\":\"en-US\",\"potentialAction\":[{\"@type\":\"ReadAction\",\"target\":[\"https:\\\/\\\/oneforturbine.com\\\/\"]}]},{\"@type\":\"ImageObject\",\"inLanguage\":\"en-US\",\"@id\":\"https:\\\/\\\/oneforturbine.com\\\/#primaryimage\",\"url\":\"https:\\\/\\\/oneforturbine.com\\\/wp-content\\\/uploads\\\/2019\\\/01\\\/oft_slider_jobs-1920x816-1024x435.jpg\",\"contentUrl\":\"https:\\\/\\\/oneforturbine.com\\\/wp-content\\\/uploads\\\/2019\\\/01\\\/oft_slider_jobs-1920x816-1024x435.jpg\"},{\"@type\":\"BreadcrumbList\",\"@id\":\"https:\\\/\\\/oneforturbine.com\\\/#breadcrumb\",\"itemListElement\":[{\"@type\":\"ListItem\",\"position\":1,\"name\":\"Startseite\",\"item\":\"https:\\\/\\\/oneforturbine.com\\\/\"},{\"@type\":\"ListItem\",\"position\":2,\"name\":\"Startseite \\\/ Home\"}]},{\"@type\":\"WebSite\",\"@id\":\"https:\\\/\\\/oneforturbine.com\\\/#website\",\"url\":\"https:\\\/\\\/oneforturbine.com\\\/\",\"name\":\"www.oneforturbine.de\",\"description\":\"\",\"publisher\":{\"@id\":\"https:\\\/\\\/oneforturbine.com\\\/#organization\"},\"potentialAction\":[{\"@type\":\"SearchAction\",\"target\":{\"@type\":\"EntryPoint\",\"urlTemplate\":\"https:\\\/\\\/oneforturbine.com\\\/?s={search_term_string}\"},\"query-input\":{\"@type\":\"PropertyValueSpecification\",\"valueRequired\":true,\"valueName\":\"search_term_string\"}}],\"inLanguage\":\"en-US\"},{\"@type\":\"Organization\",\"@id\":\"https:\\\/\\\/oneforturbine.com\\\/#organization\",\"name\":\"ONE FOR TURBINE\",\"url\":\"https:\\\/\\\/oneforturbine.com\\\/\",\"logo\":{\"@type\":\"ImageObject\",\"inLanguage\":\"en-US\",\"@id\":\"https:\\\/\\\/oneforturbine.com\\\/#\\\/schema\\\/logo\\\/image\\\/\",\"url\":\"https:\\\/\\\/oneforturbine.de\\\/wp-content\\\/uploads\\\/2018\\\/10\\\/cropped-P1060464b.jpg\",\"contentUrl\":\"https:\\\/\\\/oneforturbine.de\\\/wp-content\\\/uploads\\\/2018\\\/10\\\/cropped-P1060464b.jpg\",\"width\":1500,\"height\":740,\"caption\":\"ONE FOR TURBINE\"},\"image\":{\"@id\":\"https:\\\/\\\/oneforturbine.com\\\/#\\\/schema\\\/logo\\\/image\\\/\"}}]}<\/script>\n<!-- \/ Yoast SEO plugin. -->","yoast_head_json":{"title":"Startseite \/ Home -","robots":{"index":"index","follow":"follow","max-snippet":"max-snippet:-1","max-image-preview":"max-image-preview:large","max-video-preview":"max-video-preview:-1"},"canonical":"https:\/\/oneforturbine.com\/en\/","og_locale":"en_US","og_type":"article","og_title":"Startseite \/ Home -","og_description":"Man sollte gehen und aufh\u00f6ren, wenn es am sch\u00f6nsten ist. Die One for Turbine GmbH wird zum Jahresende 2025 die T\u00e4tigkeiten beenden und das Unternehmen schliessen. Liebe Kunden und Gesch\u00e4ftspartner. Aufgrund unserer Gesch\u00e4ftsaufgabe m\u00f6chten wir uns hier nocheinmal herzlich bei Ihnen bedanken. Vielen Dank f\u00fcr das entgegengebrachte Vertrauen, das Lob und die Anerkennung, die wir&hellip;Read More","og_url":"https:\/\/oneforturbine.com\/en\/","article_modified_time":"2025-12-08T12:59:58+00:00","og_image":[{"url":"https:\/\/oneforturbine.com\/wp-content\/uploads\/2019\/01\/oft_slider_jobs-1920x816-1024x435.jpg","type":"","width":"","height":""}],"twitter_card":"summary_large_image","twitter_misc":{"Est. reading time":"1 minute"},"schema":{"@context":"https:\/\/schema.org","@graph":[{"@type":"WebPage","@id":"https:\/\/oneforturbine.com\/","url":"https:\/\/oneforturbine.com\/","name":"Startseite \/ Home -","isPartOf":{"@id":"https:\/\/oneforturbine.com\/#website"},"primaryImageOfPage":{"@id":"https:\/\/oneforturbine.com\/#primaryimage"},"image":{"@id":"https:\/\/oneforturbine.com\/#primaryimage"},"thumbnailUrl":"https:\/\/oneforturbine.com\/wp-content\/uploads\/2019\/01\/oft_slider_jobs-1920x816-1024x435.jpg","datePublished":"2025-11-28T13:38:35+00:00","dateModified":"2025-12-08T12:59:58+00:00","breadcrumb":{"@id":"https:\/\/oneforturbine.com\/#breadcrumb"},"inLanguage":"en-US","potentialAction":[{"@type":"ReadAction","target":["https:\/\/oneforturbine.com\/"]}]},{"@type":"ImageObject","inLanguage":"en-US","@id":"https:\/\/oneforturbine.com\/#primaryimage","url":"https:\/\/oneforturbine.com\/wp-content\/uploads\/2019\/01\/oft_slider_jobs-1920x816-1024x435.jpg","contentUrl":"https:\/\/oneforturbine.com\/wp-content\/uploads\/2019\/01\/oft_slider_jobs-1920x816-1024x435.jpg"},{"@type":"BreadcrumbList","@id":"https:\/\/oneforturbine.com\/#breadcrumb","itemListElement":[{"@type":"ListItem","position":1,"name":"Startseite","item":"https:\/\/oneforturbine.com\/"},{"@type":"ListItem","position":2,"name":"Startseite \/ Home"}]},{"@type":"WebSite","@id":"https:\/\/oneforturbine.com\/#website","url":"https:\/\/oneforturbine.com\/","name":"www.oneforturbine.de","description":"","publisher":{"@id":"https:\/\/oneforturbine.com\/#organization"},"potentialAction":[{"@type":"SearchAction","target":{"@type":"EntryPoint","urlTemplate":"https:\/\/oneforturbine.com\/?s={search_term_string}"},"query-input":{"@type":"PropertyValueSpecification","valueRequired":true,"valueName":"search_term_string"}}],"inLanguage":"en-US"},{"@type":"Organization","@id":"https:\/\/oneforturbine.com\/#organization","name":"ONE FOR TURBINE","url":"https:\/\/oneforturbine.com\/","logo":{"@type":"ImageObject","inLanguage":"en-US","@id":"https:\/\/oneforturbine.com\/#\/schema\/logo\/image\/","url":"https:\/\/oneforturbine.de\/wp-content\/uploads\/2018\/10\/cropped-P1060464b.jpg","contentUrl":"https:\/\/oneforturbine.de\/wp-content\/uploads\/2018\/10\/cropped-P1060464b.jpg","width":1500,"height":740,"caption":"ONE FOR TURBINE"},"image":{"@id":"https:\/\/oneforturbine.com\/#\/schema\/logo\/image\/"}}]}},"_links":{"self":[{"href":"https:\/\/oneforturbine.com\/en\/wp-json\/wp\/v2\/pages\/1054","targetHints":{"allow":["GET"]}}],"collection":[{"href":"https:\/\/oneforturbine.com\/en\/wp-json\/wp\/v2\/pages"}],"about":[{"href":"https:\/\/oneforturbine.com\/en\/wp-json\/wp\/v2\/types\/page"}],"author":[{"embeddable":true,"href":"https:\/\/oneforturbine.com\/en\/wp-json\/wp\/v2\/users\/2"}],"replies":[{"embeddable":true,"href":"https:\/\/oneforturbine.com\/en\/wp-json\/wp\/v2\/comments?post=1054"}],"version-history":[{"count":4,"href":"https:\/\/oneforturbine.com\/en\/wp-json\/wp\/v2\/pages\/1054\/revisions"}],"predecessor-version":[{"id":1064,"href":"https:\/\/oneforturbine.com\/en\/wp-json\/wp\/v2\/pages\/1054\/revisions\/1064"}],"wp:attachment":[{"href":"https:\/\/oneforturbine.com\/en\/wp-json\/wp\/v2\/media?parent=1054"}],"curies":[{"name":"wp","href":"https:\/\/api.w.org\/{rel}","templated":true}]}}